{"id":11724,"date":"2016-05-13T15:29:07","date_gmt":"2016-05-13T19:29:07","guid":{"rendered":"https:\/\/www.cliniquetagmed.com\/?page_id=11724"},"modified":"2024-03-10T00:36:01","modified_gmt":"2024-03-10T05:36:01","slug":"osteopath-montreal","status":"publish","type":"page","link":"https:\/\/www.cliniquetagmed.com\/en\/contact\/osteopathe-montreal-hernie-discale","title":{"rendered":"Osteopath Montreal \u2013 Herniated Disc"},"content":{"rendered":"<p>&nbsp;<\/p>\n<h2><span style=\"font-size: 30px\">TAGMED Clinic of Montreal \u2013 Osteopath Expert in herniated discs<\/span><\/h2>\n<p>&nbsp;<\/p>\n<p>The Montreal TAGMED Clinic, located at 1140 Beaumont in Ville Mont-Royal, is a state-of-the-art health care facility that offers a range of treatments and health services for the Greater Montreal area. Located minutes from downtown Montreal, this upscale clinic offers state-of-the-art facilities and advanced treatment methods to meet the ever-changing needs of its patients.<\/p>\n<p>&nbsp;<\/p>\n<p>With ample on-site parking, it is easy to get to the clinic from anywhere in the city. Inside you will find experienced practitioners practicing osteopathy, spinal decompression therapy, shock wave therapy (<a class=\"wpil_keyword_link\" title=\"shockwave\" href=\"https:\/\/cliniquetagmed.com\/en\/services\/shockwave\" data-wpil-keyword-link=\"linked\">shockwave<\/a>) and laser therapy, all in a comfortable environment ideal for healing and recovery. The staff is friendly and knowledgeable, and ensures that each patient receives a personalized treatment plan tailored to their needs. For those looking to improve their well-being or recover from an injury, the TAGMED Clinic in <a title=\"Treatment of herniated discs in Terrebonne and Montreal\" href=\"https:\/\/www.cliniquetagmed.com\/en\/treatment-herniated-disc-terrebonne\/\">Montreal can provide treatments<\/a> and world-class care in the heart of Ville Mont-Royal.<\/p>\n<p>&nbsp;<\/p>\n<h2>Emergency treatment \u2013 TAGMED \u2013 Montreal<\/h2>\n<p>\u00a0At TAGMED, obtaining fast and effective osteopathic care in the Montreal region has never been easier! We reserve daily time slots to provide a specialist emergency service to anyone suffering from <a class=\"wpil_keyword_link\" title=\"back pain\" href=\"https:\/\/www.cliniquetagmed.com\/en\/back-pain-4\/\" data-wpil-keyword-link=\"linked\">back pain<\/a> or other musculoskeletal disorders. <a href=\"https:\/\/www.cliniquetagmed.com\/en\/contact\/emergency-ostopath-montreal\/\">More details<\/a><\/p>\n<p>&nbsp;<\/p>\n<h2>Make Your Appointment Online \u2013 TAGMED Clinic \u2013 Montreal<\/h2>\n<p>Enjoy the convenience and simplicity of taking your <a class=\"wpil_keyword_link\" href=\"https:\/\/www.cliniquetagmed.com\/en\/appointment-on-line\/\" title=\"appointment\" data-wpil-keyword-link=\"linked\">appointment<\/a> online with our easy-to-use reservation system. In just a few clicks, you can select the desired service, choose the healthcare professional that suits you best and find a time slot that fits your schedule. Our secure platform allows you to book your consultation at any time, without having to wait for clinic opening hours. Just follow the link <a href=\"https:\/\/www.cliniquetagmed.com\/en\/appointment-on-line\/\">Book Online<\/a> to directly access our online appointment booking system. Make sure you have all the necessary information on hand to complete your reservation. We look forward to welcoming you and providing you with the best possible care.<\/p>","protected":false},"excerpt":{"rendered":"<p>&nbsp; Clinique TAGMED de Montr\u00e9al &#8211; Ost\u00e9opathe Expert de la hernie discale &nbsp; La Clinique TAGMED de Montr\u00e9al, situ\u00e9e au 1140 Beaumont \u00e0 Ville Mont-Royal, est<span class=\"excerpt-hellip\"> [\u2026]<\/span><\/p>\n","protected":false},"author":3,"featured_media":28523,"parent":12,"menu_order":1,"comment_status":"closed","ping_status":"closed","template":"","meta":{"rs_blank_template":"","rs_page_bg_color":"","slide_template_v7":"","footnotes":""},"categories":[],"tags":[835],"class_list":["post-11724","page","type-page","status-publish","has-post-thumbnail","hentry","tag-clinique-tagmed-montreal"],"_hostinger_reach_plugin_has_subscription_block":false,"_hostinger_reach_plugin_is_elementor":false,"_links":{"self":[{"href":"https:\/\/www.cliniquetagmed.com\/en\/wp-json\/wp\/v2\/pages\/11724","targetHints":{"allow":["GET"]}}],"collection":[{"href":"https:\/\/www.cliniquetagmed.com\/en\/wp-json\/wp\/v2\/pages"}],"about":[{"href":"https:\/\/www.cliniquetagmed.com\/en\/wp-json\/wp\/v2\/types\/page"}],"author":[{"embeddable":true,"href":"https:\/\/www.cliniquetagmed.com\/en\/wp-json\/wp\/v2\/users\/3"}],"replies":[{"embeddable":true,"href":"https:\/\/www.cliniquetagmed.com\/en\/wp-json\/wp\/v2\/comments?post=11724"}],"version-history":[{"count":0,"href":"https:\/\/www.cliniquetagmed.com\/en\/wp-json\/wp\/v2\/pages\/11724\/revisions"}],"up":[{"embeddable":true,"href":"https:\/\/www.cliniquetagmed.com\/en\/wp-json\/wp\/v2\/pages\/12"}],"wp:featuredmedia":[{"embeddable":true,"href":"https:\/\/www.cliniquetagmed.com\/en\/wp-json\/wp\/v2\/media\/28523"}],"wp:attachment":[{"href":"https:\/\/www.cliniquetagmed.com\/en\/wp-json\/wp\/v2\/media?parent=11724"}],"wp:term":[{"taxonomy":"category","embeddable":true,"href":"https:\/\/www.cliniquetagmed.com\/en\/wp-json\/wp\/v2\/categories?post=11724"},{"taxonomy":"post_tag","embeddable":true,"href":"https:\/\/www.cliniquetagmed.com\/en\/wp-json\/wp\/v2\/tags?post=11724"}],"curies":[{"name":"wp","href":"https:\/\/api.w.org\/{rel}","templated":true}]}}