{"id":1276,"date":"2013-10-14T02:43:07","date_gmt":"2013-10-14T06:43:07","guid":{"rendered":"https:\/\/www.cliniquetagmed.com\/?page_id=1276"},"modified":"2024-03-09T23:40:06","modified_gmt":"2024-03-10T04:40:06","slug":"privacy-policy","status":"publish","type":"page","link":"https:\/\/www.cliniquetagmed.com\/en\/politique-confidentialite","title":{"rendered":"Privacy policy"},"content":{"rendered":"<p>&nbsp;<\/p>\n<h2>Introduction<\/h2>\n<p>Faced with the development of new communication tools, it is necessary to pay particular attention to the protection of privacy. This is why we are committed to respecting the confidentiality of the personal information we collect.<\/p>\n<hr \/>\n<h2>Collection of personal information<\/h2>\n<p>We collect the following information:<\/p>\n<ul>\n<li>Name<\/li>\n<li>First name<\/li>\n<li>Mailing address<\/li>\n<li>Postal code<\/li>\n<li>E-mail address<\/li>\n<li>Telephone \/ fax number<\/li>\n<li>Gender \/ Sex<\/li>\n<li>Age \/ Date of birth<\/li>\n<li>Medical data<\/li>\n<li>Profession<\/li>\n<li>Family situation<\/li>\n<\/ul>\n<p>The personal information we collect is gathered through forms and through the interactivity between you and our website. We also use, as described in the next section, cookies and\/or logs to gather information about you.<\/p>\n<hr \/>\n<h2>Forms and interactivity:<\/h2>\n<p>Your personal information is collected through forms, namely :<\/p>\n<ul>\n<li>Website registration form<\/li>\n<\/ul>\n<p>We use the information collected for the following purposes:<\/p>\n<ul>\n<li>Contact<\/li>\n<li>Medical history<\/li>\n<\/ul>\n<p>Your information is also collected through the interactivity that may be established between you and our website, as follows:<\/p>\n<ul>\n<li>Contact<\/li>\n<li>Medical History Form<\/li>\n<\/ul>\n<p>We use the information collected for the following purposes:<\/p>\n<ul>\n<li>Correspondence<\/li>\n<\/ul>\n<hr \/>\n<h2>Log files and cookies<\/h2>\n<p>We collect certain information through log files and cookies. This information is mainly the following:<\/p>\n<p>The use of such files allows us to:<\/p>\n<ul>\n<li>medical reasons<\/li>\n<\/ul>\n<hr \/>\n<h2>Right of objection and withdrawal<\/h2>\n<p>We are committed to offering you the right to oppose and withdraw your personal information. The right of opposition is understood as being the possibility offered to Internet users to refuse that their personal information be used for certain purposes mentioned during the collection.<\/p>\n<p>The right to opt-out is understood as the possibility offered to Internet users to request that their personal information no longer appears, for example, in a mailing list.<\/p>\n<p>To exercise these rights, you can contact us by:<\/p>\n<ul>\n<li>Mail: 1150 rue L\u00e9vis, suite 200, Terrebonne (Quebec) J6W 5S6<\/li>\n<li>Email: info@cliniquetagmed.com<\/li>\n<li>Phone: (450) 704-44747<\/li>\n<li>Via our website: https:\/\/cliniquetagmed.com\/<\/li>\n<\/ul>\n<hr \/>\n<h2>Permission to access<\/h2>\n<p>We are committed to recognizing a right of access and rectification to the persons concerned wishing to consult, modify, or even delete the information concerning them. The exercise of this right will be done by:<\/p>\n<ul>\n<li>Mail: 1150 rue L\u00e9vis, suite 200, Terrebonne (Quebec) J6W 5S6<\/li>\n<li>Email: info@cliniquetagmed.com<\/li>\n<li>Phone: (450) 704-44747<\/li>\n<li>Via our website: https:\/\/cliniquetagmed.com\/<\/li>\n<\/ul>\n<hr \/>\n<h2>Security<\/h2>\n<p>The personal information we collect is kept in a secure environment. The people who work for us are required to respect the confidentiality of your information. To ensure the security of your personal information, we use the following measures:<\/p>\n<ul>\n<li>Access management - authorized person<\/li>\n<li>Access management - person concerned<\/li>\n<li>Computer backup<\/li>\n<li>Login \/ password<\/li>\n<\/ul>\n<p>We are committed to maintaining a high level of confidentiality by incorporating the latest technological innovations to ensure the privacy of your transactions. However, since no mechanism offers maximum security, there is always a degree of risk involved when using the Internet to transmit personal information.<\/p>\n<hr \/>\n<h2>Label<\/h2>\n<p>Our privacy commitments meet the requirements of the following program:<\/p>\n<hr \/>\n<h2>Legislation<\/h2>\n<p>We are committed to respecting the legislative provisions set out in: Province of Quebec<\/p>\n<p>&nbsp;<\/p>","protected":false},"excerpt":{"rendered":"<p>&nbsp; Introduction Devant le d\u00e9veloppement des nouveaux outils de communication, il est n\u00e9cessaire de porter une attention particuli\u00e8re \u00e0 la protection de la vie priv\u00e9e.\u00a0 C&rsquo;est<span class=\"excerpt-hellip\"> [\u2026]<\/span><\/p>\n","protected":false},"author":3,"featured_media":27889,"parent":0,"menu_order":0,"comment_status":"closed","ping_status":"closed","template":"","meta":{"rs_blank_template":"","rs_page_bg_color":"","slide_template_v7":"","footnotes":""},"categories":[],"tags":[],"class_list":["post-1276","page","type-page","status-publish","has-post-thumbnail","hentry"],"_hostinger_reach_plugin_has_subscription_block":false,"_hostinger_reach_plugin_is_elementor":false,"_links":{"self":[{"href":"https:\/\/www.cliniquetagmed.com\/en\/wp-json\/wp\/v2\/pages\/1276","targetHints":{"allow":["GET"]}}],"collection":[{"href":"https:\/\/www.cliniquetagmed.com\/en\/wp-json\/wp\/v2\/pages"}],"about":[{"href":"https:\/\/www.cliniquetagmed.com\/en\/wp-json\/wp\/v2\/types\/page"}],"author":[{"embeddable":true,"href":"https:\/\/www.cliniquetagmed.com\/en\/wp-json\/wp\/v2\/users\/3"}],"replies":[{"embeddable":true,"href":"https:\/\/www.cliniquetagmed.com\/en\/wp-json\/wp\/v2\/comments?post=1276"}],"version-history":[{"count":0,"href":"https:\/\/www.cliniquetagmed.com\/en\/wp-json\/wp\/v2\/pages\/1276\/revisions"}],"wp:featuredmedia":[{"embeddable":true,"href":"https:\/\/www.cliniquetagmed.com\/en\/wp-json\/wp\/v2\/media\/27889"}],"wp:attachment":[{"href":"https:\/\/www.cliniquetagmed.com\/en\/wp-json\/wp\/v2\/media?parent=1276"}],"wp:term":[{"taxonomy":"category","embeddable":true,"href":"https:\/\/www.cliniquetagmed.com\/en\/wp-json\/wp\/v2\/categories?post=1276"},{"taxonomy":"post_tag","embeddable":true,"href":"https:\/\/www.cliniquetagmed.com\/en\/wp-json\/wp\/v2\/tags?post=1276"}],"curies":[{"name":"wp","href":"https:\/\/api.w.org\/{rel}","templated":true}]}}