{"id":1421,"date":"2014-04-01T00:52:25","date_gmt":"2014-04-01T04:52:25","guid":{"rendered":"https:\/\/www.cliniquetagmed.com\/?page_id=1421"},"modified":"2024-03-13T09:21:57","modified_gmt":"2024-03-13T14:21:57","slug":"conditions","status":"publish","type":"page","link":"https:\/\/www.cliniquetagmed.com\/en\/conditions","title":{"rendered":"Conditions"},"content":{"rendered":"<p>&nbsp;<\/p>\r\n\r\n<h2 class=\"wp-block-heading\" id=\"h-avantages-de-faire-confiance-a-la-clinique-tagmed\">Benefits of trusting TAGMED Clinic:<\/h2>\r\n\r\n<p>With more than 30 years of experience in the field of manual medicine (osteopathy), we have acquired a great deal of experience and we have invested time and money in order to obtain state-of-the-art equipment to allow us to provide the most effective care possible for a wide range of conditions:<\/p>\r\n<p>&nbsp;<\/p>\r\n\r\n<ul class=\"wp-block-list\">\r\n\t<li>Get relief from a wide variety of ailments.<\/li>\r\n\r\n\r\n\t<li>Receive the latest treatments available.<\/li>\r\n\r\n\r\n\t<li>Trouvez enfin un soulagement \u00e0 vos <a href=\"https:\/\/www.cliniquetagmed.com\/en\/chronic-pain\/\" title=\"Chronic pain\">chronic pain<\/a>.<\/li>\r\n\r\n\r\n\t<li>Feel that you are finally heard and understood.<\/li>\r\n\r\n\r\n\t<li>They are a reliable and experienced company.<\/li>\r\n<\/ul>\r\n\r\n<p>&nbsp;<\/p>\r\n\r\n<h3 class=\"wp-block-heading\">Live the TAGMED experience!<\/h3>","protected":false},"excerpt":{"rendered":"<p>&nbsp; Avantages de faire confiance \u00e0 la clinique TAGMED : Avec plus de 30 ans d&rsquo;exp\u00e9rience dans le domaine de la m\u00e9decine manuelle (ost\u00e9opathie), nous avons<span class=\"excerpt-hellip\"> [\u2026]<\/span><\/p>\n","protected":false},"author":3,"featured_media":85209,"parent":0,"menu_order":3,"comment_status":"closed","ping_status":"closed","template":"","meta":{"rs_blank_template":"","rs_page_bg_color":"","slide_template_v7":"","footnotes":""},"categories":[],"tags":[],"class_list":["post-1421","page","type-page","status-publish","has-post-thumbnail","hentry"],"_hostinger_reach_plugin_has_subscription_block":false,"_hostinger_reach_plugin_is_elementor":false,"_links":{"self":[{"href":"https:\/\/www.cliniquetagmed.com\/en\/wp-json\/wp\/v2\/pages\/1421","targetHints":{"allow":["GET"]}}],"collection":[{"href":"https:\/\/www.cliniquetagmed.com\/en\/wp-json\/wp\/v2\/pages"}],"about":[{"href":"https:\/\/www.cliniquetagmed.com\/en\/wp-json\/wp\/v2\/types\/page"}],"author":[{"embeddable":true,"href":"https:\/\/www.cliniquetagmed.com\/en\/wp-json\/wp\/v2\/users\/3"}],"replies":[{"embeddable":true,"href":"https:\/\/www.cliniquetagmed.com\/en\/wp-json\/wp\/v2\/comments?post=1421"}],"version-history":[{"count":0,"href":"https:\/\/www.cliniquetagmed.com\/en\/wp-json\/wp\/v2\/pages\/1421\/revisions"}],"wp:featuredmedia":[{"embeddable":true,"href":"https:\/\/www.cliniquetagmed.com\/en\/wp-json\/wp\/v2\/media\/85209"}],"wp:attachment":[{"href":"https:\/\/www.cliniquetagmed.com\/en\/wp-json\/wp\/v2\/media?parent=1421"}],"wp:term":[{"taxonomy":"category","embeddable":true,"href":"https:\/\/www.cliniquetagmed.com\/en\/wp-json\/wp\/v2\/categories?post=1421"},{"taxonomy":"post_tag","embeddable":true,"href":"https:\/\/www.cliniquetagmed.com\/en\/wp-json\/wp\/v2\/tags?post=1421"}],"curies":[{"name":"wp","href":"https:\/\/api.w.org\/{rel}","templated":true}]}}