{"id":28955,"date":"2023-08-17T12:52:54","date_gmt":"2023-08-17T17:52:54","guid":{"rendered":"https:\/\/www.cliniquetagmed.com\/?page_id=28955"},"modified":"2026-02-28T00:04:16","modified_gmt":"2026-02-28T05:04:16","slug":"treatment-herniated-disc-cote-des-neiges-notre-dame-de-grace","status":"publish","type":"page","link":"https:\/\/www.cliniquetagmed.com\/en\/traitement-hernie-discale-cote-des-neiges-notre-dame-de-grace","title":{"rendered":"Vous habitez C\u00f4te-des-Neiges\u2013Notre-Dame-de-Gr\u00e2ce ? Traitement de la hernie discale (Terrebonne &#038; Mont-Royal)"},"content":{"rendered":"<p><!-- TAGMED_SERVICE_AREA_BLOCK:hernie --><\/p>\n<div class=\"tagmed-service-area-block\" style=\"border:1px solid #e5e7eb;padding:16px;border-radius:12px;background:#f9fafb;margin:16px 0;\">\n<p><strong>Vous habitez C\u00f4te-des-Neiges\u2013Notre-Dame-de-Gr\u00e2ce&nbsp;?<\/strong><\/p>\n<p>La Clinique TAGMED <strong>ne poss\u00e8de pas de succursale \u00e0 C\u00f4te-des-Neiges\u2013Notre-Dame-de-Gr\u00e2ce<\/strong>. Nous desservons toutefois r\u00e9guli\u00e8rement les patients provenant de C\u00f4te-des-Neiges\u2013Notre-Dame-de-Gr\u00e2ce depuis nos deux cliniques sp\u00e9cialis\u00e9es situ\u00e9es \u00e0 <strong>Terrebonne:<\/strong> and to <strong>Ville Mont\u2011Royal (Montr\u00e9al)<\/strong>.<\/p>\n<p>De nombreux patients de C\u00f4te-des-Neiges\u2013Notre-Dame-de-Gr\u00e2ce se d\u00e9placent vers l\u2019une de nos cliniques afin de b\u00e9n\u00e9ficier de nos traitements non chirurgicaux pour Hernie discale et les douleurs associ\u00e9es.<\/p>\n<p style=\"margin-top:12px\"><small><strong>Nos cliniques :<\/strong><br \/>Clinique TAGMED Terrebonne \u2014 1150 rue L\u00e9vis, suite 200, Terrebonne, QC, J6W 5S6 (Lun\/Mer\/Ven)<br \/>Clinique TAGMED Montr\u00e9al (Ville Mont-Royal) \u2014 1140 avenue Beaumont, Mont-Royal, QC, H3P 3E5 (Mar\/Jeu)<\/small><\/p>\n<\/div>\n<h2>Traitement de la hernie discale pour les r\u00e9sidents de C\u00f4te-des-Neiges\u2013Notre-Dame-de-Gr\u00e2ce<\/h2>\n<p>&nbsp;<\/p>\n<h4>Presentation of the herniated disc and the TAGMED Clinic<\/h4>\n<p>Do you suffer from constant, disabling pain in your lower back or neck? If you live in C\u00f4te-des-Neiges or Notre-Dame-de-Gr\u00e2ce or its surroundings, know that you are not alone. Herniated discs are often the cause of lower back or neck pain and can seriously affect your quality of life. Fortunately, the <a title=\"clinical Tagmed\" href=\"https:\/\/www.cliniquetagmed.com\/en\/tag\/clinique-tagmed\/\">TAGMED CLINIC<\/a>, an expert in the treatment of herniated discs, is here to help you get back to a pain-free life and get back on your feet quickly. <span>The TAGMED Clinic is the reference in terms of <\/span><a href=\"https:\/\/www.cliniquetagmed.com\/en\/traitement-hernie-discale-montreal-2\/\" target=\"_new\" rel=\"noopener\">herniated disc treatment in Montreal<\/a><span>, ensuring rapid and effective healing.<\/span><\/p>\n<p>&nbsp;<\/p>\n<p><img loading=\"lazy\" decoding=\"async\" class=\"circular-image aligncenter\" title=\"Traitement de la hernie discale \u00e0 C\u00f4te-des-Neiges\u2013Notre-Dame-de-Gr\u00e2ce Clinique TAGMED Montr\u00e9al Terrebonne\" src=\"https:\/\/cliniquetagmed.com\/wp-content\/uploads\/2023\/05\/progression-of-herniated-discs-e1683169076239-300x300.jpg\" alt=\"Traitement de la hernie discale \u00e0 C\u00f4te-des-Neiges\u2013Notre-Dame-de-Gr\u00e2ce Clinique TAGMED Montr\u00e9al Terrebonne\" width=\"300\" height=\"300\" \/><\/p>\n<p>&nbsp;<\/p>\n<h4>Understanding herniated discs with the TAGMED Clinic<\/h4>\n<p>The spine is made up of intervertebral discs that act as shock absorbers between the vertebrae. A <a href=\"https:\/\/www.sosherniediscale.com\/hernie-discale.com\" target=\"_blank\" rel=\"noopener\">herniated disc<\/a> occurs when the gelatinous nucleus (nucleus pulposus) inside a vertebral disc protrudes through a crack in the outer fibrous ring (annulus fibrosus). This can cause compression of the nerves in the spine, leading to pain, numbness, and weakness in the limbs.<\/p>\n<p>&nbsp;<\/p>\n<h4>Herniated Disc Symptoms Treated at TAGMED Clinic<\/h4>\n<p>The symptoms of a hernia <a href=\"https:\/\/www.sosherniediscale.com\/hernie-discale\/hernie-discale-signes-neurologiques\/\" target=\"_blank\" rel=\"noopener\">disc<\/a> may vary depending on the location and severity of the hernia. The most common symptoms include:<\/p>\n<ul>\n<li><a title=\"back pain\" href=\"https:\/\/www.cliniquetagmed.com\/en\/tag\/back-pain-2\/\">Back pain<\/a> or neck<\/li>\n<li>Numbness or tingling in the arms or legs<\/li>\n<li>Muscle weakness<\/li>\n<li>Pain radiating to the limbs, often described as a burning or stinging sensation<\/li>\n<\/ul>\n<p>&nbsp;<\/p>\n<p><img loading=\"lazy\" decoding=\"async\" class=\"circular-image aligncenter\" title=\"Traitement de la hernie discale \u00e0 C\u00f4te-des-Neiges\u2013Notre-Dame-de-Gr\u00e2ce Clinique TAGMED Montr\u00e9al Terrebonne\" src=\"https:\/\/cliniquetagmed.com\/wp-content\/uploads\/2023\/02\/man-suffering-from-low-back-pain-e1676409528518-300x300.jpg\" alt=\"Traitement de la hernie discale \u00e0 C\u00f4te-des-Neiges\u2013Notre-Dame-de-Gr\u00e2ce Clinique TAGMED Montr\u00e9al Terrebonne\" width=\"300\" height=\"300\" \/><\/p>\n<p>&nbsp;<\/p>\n<h4>Why choose Clinique TAGMED if you live in C\u00f4te-des-Neiges or Notre-Dame-de-Gr\u00e2ce?<\/h4>\n<p>Clinique TAGMED is your partner of choice for the treatment of <a href=\"https:\/\/www.sosherniediscale.com\/hernie-discale\/hernie-discale-signes-neurologiques\/\" target=\"_blank\" rel=\"noopener\">herniated disc<\/a> in C\u00f4te-des-Neiges or Notre-Dame-de-Gr\u00e2ce due to:<\/p>\n<ul>\n<li>Our experienced team<\/li>\n<li>Innovative treatments<\/li>\n<li>Careful monitoring<\/li>\n<li>A welcoming and comfortable environment<\/li>\n<\/ul>\n<p>&nbsp;<\/p>\n<h4>Herniated Disc Treatment Options at TAGMED Clinic<\/h4>\n<p>The <a title=\"Clinical TAGMED - Montreal\" href=\"https:\/\/www.cliniquetagmed.com\/en\/tag\/clinic-tagmed-montreal\/\">TAGMED CLINIC<\/a> offers a full range of treatment options for herniated discs, including:<\/p>\n<ul>\n<li>Manual therapy<\/li>\n<li>Therapy <a title=\"Spinal decompression\" href=\"https:\/\/www.cliniquetagmed.com\/en\/category\/vertebral-decompression\/\">spinal decompression<\/a><\/li>\n<li>Infiltrations of corticosteroids<\/li>\n<\/ul>\n<p>&nbsp;<\/p>\n<p>We work closely with you to develop a personalized treatment plan that meets your specific needs and helps you return to a pain-free life.<\/p>\n<p>&nbsp;<\/p>\n<h4>The decompression neurovert\u00e9brale to the Clinic TAGMED<\/h4>\n<p>The <a title=\"Spinal decompression therapy\" href=\"https:\/\/www.cliniquetagmed.com\/en\/category\/27303-revision-v1\/\">Spinal decompression therapy<\/a> is an innovative and non-invasive method used to treat herniated discs. It uses a specialized device that applies controlled force to the spine, allowing the discs to return to their normal position and relieving pressure on the nerves.<\/p>\n<p>&nbsp;<\/p>\n<p><img loading=\"lazy\" decoding=\"async\" class=\"circular-image aligncenter wp-image-82665 size-medium\" title=\"Traitement de la hernie discale \u00e0 C\u00f4te-des-Neiges\u2013Notre-Dame-de-Gr\u00e2ce Clinique TAGMED Montr\u00e9al Terrebonne\" src=\"https:\/\/cliniquetagmed.com\/wp-content\/uploads\/2023\/09\/decompression-tagmed-2023-e1696444399211-300x300.jpg\" alt=\"Traitement de la hernie discale \u00e0 C\u00f4te-des-Neiges\u2013Notre-Dame-de-Gr\u00e2ce Clinique TAGMED Montr\u00e9al Terrebonne\" width=\"300\" height=\"300\" srcset=\"https:\/\/www.cliniquetagmed.com\/wp-content\/uploads\/2023\/09\/decompression-tagmed-2023-e1696444399211-300x300.jpg 300w, https:\/\/www.cliniquetagmed.com\/wp-content\/uploads\/2023\/09\/decompression-tagmed-2023-e1696444399211-150x150.jpg 150w, https:\/\/www.cliniquetagmed.com\/wp-content\/uploads\/2023\/09\/decompression-tagmed-2023-e1696444399211-12x12.jpg 12w, https:\/\/www.cliniquetagmed.com\/wp-content\/uploads\/2023\/09\/decompression-tagmed-2023-e1696444399211-360x360.jpg 360w, https:\/\/www.cliniquetagmed.com\/wp-content\/uploads\/2023\/09\/decompression-tagmed-2023-e1696444399211-75x75.jpg 75w, https:\/\/www.cliniquetagmed.com\/wp-content\/uploads\/2023\/09\/decompression-tagmed-2023-e1696444399211-480x480.jpg 480w, https:\/\/www.cliniquetagmed.com\/wp-content\/uploads\/2023\/09\/decompression-tagmed-2023-e1696444399211.jpg 681w\" sizes=\"auto, (max-width:767px) 300px, 300px\" \/><\/p>\n<p>&nbsp;<\/p>\n<p>This technique is particularly effective for patients with chronic pain and has been proven to significantly reduce symptoms associated with <a href=\"https:\/\/www.sosherniediscale.com\/hernie-discale\/hernie-discale-signes-neurologiques\/\" target=\"_blank\" rel=\"noopener\">herniated discs<\/a>. There <a title=\"Spinal decompression therapy\" href=\"https:\/\/www.cliniquetagmed.com\/en\/tag\/decompression-neurovertebral-3\/\">Spinal decompression therapy<\/a> is performed by highly trained professionals at the TAGMED Clinic, and is often combined with other treatments to achieve the best possible results.<\/p>\n<p>&nbsp;<\/p>\n<p>The <a title=\"Spinal decompression therapy\" href=\"https:\/\/www.cliniquetagmed.com\/en\/tag\/decompression-neurovertebral-3-in\/\">Spinal decompression therapy<\/a> offers many benefits, including:<\/p>\n<ul>\n<li>Reduction of pain and inflammation<\/li>\n<li>Improved mobility and function<\/li>\n<li>Targeted and personalized treatment<\/li>\n<li>Absence of unwanted side effects<\/li>\n<li>Possibility of treatment without surgery<\/li>\n<\/ul>\n<p>&nbsp;<\/p>\n<p>Spinal decompression is an option for <a title=\"herniated disc treatment C\u00f4te-Saint-Luc\" href=\"https:\/\/www.cliniquetagmed.com\/en\/tag\/treatment-herniated-disc-cote-saint-luc\/\">promising treatment for those seeking an effective and painless solution for herniated discs<\/a>. To the <a title=\"clinical Tagmed\" href=\"https:\/\/www.cliniquetagmed.com\/en\/tag\/clinic-tagmed-en\/\">TAGMED CLINIC<\/a>, we are dedicated to providing this cutting-edge treatment to our patients in C\u00f4te-des-Neiges or Notre-Dame-de-Gr\u00e2ce, and we look forward to helping you regain your quality of life.<\/p>\n<p>&nbsp;<\/p>\n<h4>Contact us today<\/h4>\n<p>If you suffer from a <a href=\"https:\/\/www.sosherniediscale.com\/hernie-discale\/hernie-discale-signes-neurologiques\/\" target=\"_blank\" rel=\"noopener\">herniated disc<\/a> and whether you live in C\u00f4te-des-Neiges or Notre-Dame-de-Gr\u00e2ce or in the surrounding area, do not hesitate to contact us to make an appointment. We look forward to helping you regain your quality of life.<\/p>\n<p>&nbsp;<\/p>\n<div class=\"rounded-corners\" style=\"background-color: #f7f7f7;padding: 30px\">\n<h3 style=\"text-align: left\">Published research\/studies in Spinal Decompression Therapy<\/h3>\n<p>&nbsp;<\/p>\n<p align=\"center\">Download the research that has been published regarding spinal decompression therapy:<\/p>\n<p>&nbsp;<\/p>\n<div align=\"center\"><a href=\"https:\/\/cliniquetagmed.com\/wp-content\/uploads\/2013\/10\/decompression-etudes-2.pdf\"><img loading=\"lazy\" decoding=\"async\" class=\"size-full wp-image-183\" title=\"Traitement de la hernie discale \u00e0 C\u00f4te-des-Neiges\u2013Notre-Dame-de-Gr\u00e2ce Clinique TAGMED Montr\u00e9al Terrebonne\" src=\"\/\/www.cliniquetagmed.com\/wp-content\/uploads\/2012\/08\/adobe-acrobat.png\" alt=\"Traitement de la hernie discale \u00e0 C\u00f4te-des-Neiges\u2013Notre-Dame-de-Gr\u00e2ce Clinique TAGMED Montr\u00e9al Terrebonne\" width=\"128\" height=\"128\" srcset=\"https:\/\/www.cliniquetagmed.com\/wp-content\/uploads\/2012\/08\/adobe-acrobat.png 128w, https:\/\/www.cliniquetagmed.com\/wp-content\/uploads\/2012\/08\/adobe-acrobat-12x12.png 12w, https:\/\/www.cliniquetagmed.com\/wp-content\/uploads\/2012\/08\/adobe-acrobat-75x75.png 75w\" sizes=\"auto, (max-width:767px) 128px, 128px\" \/><\/a><\/div>\n<\/div>\n<p>&nbsp;<\/p>\n<div class=\"rounded-corners\" style=\"background-color: #ffffff;padding: 30px\">\n<h3 style=\"text-align: left\">FREE special report on spinal decompression to download<\/h3>\n<div class=\"circular-image\" align=\"center\"><a href=\"https:\/\/cliniquetagmed.com\/wp-content\/uploads\/2021\/09\/decompression-special-report-en.pdf\"><img loading=\"lazy\" decoding=\"async\" class=\"circular-image\" title=\"Traitement de la hernie discale \u00e0 C\u00f4te-des-Neiges\u2013Notre-Dame-de-Gr\u00e2ce Clinique TAGMED Montr\u00e9al Terrebonne\" src=\"https:\/\/cliniquetagmed.com\/wp-content\/uploads\/2024\/02\/rapport-special-decompression-mockup-1-300x300.png\" alt=\"Traitement de la hernie discale \u00e0 C\u00f4te-des-Neiges\u2013Notre-Dame-de-Gr\u00e2ce Clinique TAGMED Montr\u00e9al Terrebonne\" width=\"300\" height=\"300\" \/><\/a><\/div>\n<\/div>\n<p>&nbsp;<\/p>\n<div class=\"rounded-corners\" style=\"background-color: #f7f7f7;padding: 30px\">\n<p align=\"left\" class=\"translation-block\">To find out more about non-surgical spinal decompression therapy, please visit our specialized websites:<\/p>\n<ul>\n<li><a href=\"https:\/\/www.sosherniateddisc.com\" target=\"_blank\" rel=\"noopener\">www.decompressionneurovertebrale.com<\/a><\/li>\n<li><a href=\"https:\/\/www.sosherniediscale.com\" target=\"_blank\" rel=\"noopener\">www.sosherniediscale.com<\/a><\/li>\n<li><a href=\"https:\/\/www.sosherniateddisc.com\" target=\"_blank\" rel=\"noopener\">www.sosherniateddisc.com<\/a><\/li>\n<\/ul>\n<\/div>\n<p>&nbsp;<\/p>\n<h4 style=\"text-align: center\">For a <a href=\"https:\/\/www.cliniquetagmed.com\/en\/treatment-herniated-disc-montreal\/\">herniated disc treatment in Montreal<\/a> based on scientific evidence, trust Clinique TAGMED!<\/h4>\n<p>&nbsp;<\/p>\n<p>&nbsp;<\/p>\n<div class=\"rounded-corners\" style=\"background-color: #f7f7f7;padding: 30px\">\n<table class=\"aligncenter\" style=\"border-collapse: collapse;width: 83.4723%\">\n<thead>\n<tr style=\"height: 50px;background-color: #d1d1d1\">\n<td style=\"width: 34.3551%;height: 50px\"><strong>Boroughs of Montreal served<\/strong><\/td>\n<td style=\"width: 40.6449%;height: 50px\"><strong>Cities of Montreal served<\/strong><\/td>\n<\/tr>\n<\/thead>\n<tbody>\n<tr style=\"height: 53px\">\n<td style=\"width: 34.3551%;height: 53px\"><a href=\"https:\/\/www.cliniquetagmed.com\/en\/treatment-herniated-disc-ahuntsic-cartierville\/\">Ahuntsic-Cartierville<\/a><\/td>\n<td style=\"width: 40.6449%;height: 53px\"><a href=\"https:\/\/www.cliniquetagmed.com\/en\/treatment-herniated-disc-baie-durfe\/\">Baie-D\u2019Urf\u00e9<\/a><\/td>\n<\/tr>\n<tr style=\"height: 53px\">\n<td style=\"width: 34.3551%;height: 53px\"><a href=\"https:\/\/www.cliniquetagmed.com\/en\/treatment-herniated-disc-anjou\/\">Anjou<\/a><\/td>\n<td style=\"width: 40.6449%;height: 53px\"><a href=\"https:\/\/www.cliniquetagmed.com\/en\/treatment-herniated-disc-beaconsfield\/\">Beaconsfield<\/a><\/td>\n<\/tr>\n<tr style=\"height: 78px\">\n<td style=\"width: 34.3551%;height: 78px\"><a href=\"https:\/\/www.cliniquetagmed.com\/en\/treatment-herniated-disc-cote-des-neiges-notre-dame-de-grace\/\">C\u00f4te-des-Neiges-Notre-Dame-de-Gr\u00e2ce<\/a><\/td>\n<td style=\"width: 40.6449%;height: 78px\"><a href=\"https:\/\/www.cliniquetagmed.com\/en\/treatment-herniated-disc-cote-saint-luc\/\">C\u00f4te-Saint-Luc<\/a><\/td>\n<\/tr>\n<tr style=\"height: 53px\">\n<td style=\"width: 34.3551%;height: 53px\"><a href=\"https:\/\/www.cliniquetagmed.com\/en\/treatment-herniated-disc-lachine\/\">Lachine<\/a><\/td>\n<td style=\"width: 40.6449%;height: 53px\"><a href=\"https:\/\/www.cliniquetagmed.com\/en\/treatment-herniated-disc-dollard-des-ormeaux\/\">Dollard-des-Ormaux<\/a><\/td>\n<\/tr>\n<tr style=\"height: 53px\">\n<td style=\"width: 34.3551%;height: 53px\"><a href=\"https:\/\/www.cliniquetagmed.com\/en\/treatment-herniated-disc-lasalle\/\">LaSalle<\/a><\/td>\n<td style=\"width: 40.6449%;height: 53px\"><a href=\"https:\/\/www.cliniquetagmed.com\/en\/treatment-herniated-disc-dorval\/\">Dorval<\/a><\/td>\n<\/tr>\n<tr style=\"height: 53px\">\n<td style=\"width: 34.3551%;height: 53px\"><a href=\"https:\/\/www.cliniquetagmed.com\/en\/treatment-herniated-disc-plateau-mont-royal\/\">The Plateau-Mont-Royal<\/a><\/td>\n<td style=\"width: 40.6449%;height: 53px\"><a href=\"https:\/\/www.cliniquetagmed.com\/en\/treatment-herniated-disc-hampstead\/\">Hampstead<\/a><\/td>\n<\/tr>\n<tr style=\"height: 53px\">\n<td style=\"width: 34.3551%;height: 53px\"><a href=\"https:\/\/www.cliniquetagmed.com\/en\/treatment-herniated-disc-sud-ouest\/\">Sud-Ouest<\/a><\/td>\n<td style=\"width: 40.6449%;height: 53px\"><a href=\"https:\/\/www.cliniquetagmed.com\/en\/treatment-herniated-disc-kirkland\/\">Kirkland<\/a><\/td>\n<\/tr>\n<tr style=\"height: 78px\">\n<td style=\"width: 34.3551%;height: 78px\"><a href=\"https:\/\/www.cliniquetagmed.com\/en\/treatment-herniated-disc-mercier-hochelaga-maisonneuve\/\">Mercier-Hochelaga-Maisonneuve<\/a><\/td>\n<td style=\"width: 40.6449%;height: 78px\"><a href=\"https:\/\/www.cliniquetagmed.com\/en\/treatment-herniated-disc-lile-bizard-sainte-genevieve\/\">\u00cele-Bizard\u2013Sainte-Genevi\u00e8ve<\/a><\/td>\n<\/tr>\n<tr style=\"height: 53px\">\n<td style=\"width: 34.3551%;height: 53px\"><a href=\"https:\/\/www.cliniquetagmed.com\/en\/treatment-herniated-disc-montreal\/\">Montreal<\/a><\/td>\n<td style=\"width: 40.6449%;height: 53px\"><a href=\"https:\/\/www.cliniquetagmed.com\/en\/treatment-herniated-disc-montreal-est\/\">Montreal Est<\/a><\/td>\n<\/tr>\n<tr style=\"height: 53px\">\n<td style=\"width: 34.3551%;height: 53px\"><a href=\"https:\/\/www.cliniquetagmed.com\/en\/treatment-herniated-disc-montreal-nord\/\">Montreal Nord<\/a><\/td>\n<td style=\"width: 40.6449%;height: 53px\"><a href=\"https:\/\/www.cliniquetagmed.com\/en\/treatment-herniated-disc-montreal-ouest\/\">Montreal Ouest<\/a><\/td>\n<\/tr>\n<tr style=\"height: 25px\">\n<td style=\"width: 34.3551%;height: 25px\"><a href=\"https:\/\/www.cliniquetagmed.com\/en\/treatment-herniated-disc-outremont\/\">Outremont<\/a><\/td>\n<td style=\"width: 40.6449%;height: 25px\"><a href=\"https:\/\/www.cliniquetagmed.com\/en\/treatment-herniated-disc-mount-royal\/\">Mount Royal<\/a><\/td>\n<\/tr>\n<tr style=\"height: 25px\">\n<td style=\"width: 34.3551%;height: 25px\"><a href=\"https:\/\/www.cliniquetagmed.com\/en\/treatment-herniated-disc-pierrefonds-roxboro\/\">Pierrefonds-Roxboro<\/a><\/td>\n<td style=\"width: 40.6449%;height: 25px\"><a href=\"https:\/\/www.cliniquetagmed.com\/en\/treatment-herniated-disc-pointe-claire\/\">Pointe Claire<\/a><\/td>\n<\/tr>\n<tr style=\"height: 25px\">\n<td style=\"width: 34.3551%;height: 25px\"><a href=\"https:\/\/www.cliniquetagmed.com\/en\/treatment-herniated-disc-riviere-des-prairies-pointe-aux-trembles\/\">Rivi\u00e8re-des-Prairies\u2013Pointe-aux-Trembles<\/a><\/td>\n<td style=\"width: 40.6449%;height: 25px\"><a href=\"https:\/\/www.cliniquetagmed.com\/en\/treatment-herniated-disc-sainte-anne-de-bellevue\/\">Sainte-Anne-de-Bellevue<\/a><\/td>\n<\/tr>\n<tr style=\"height: 25px\">\n<td style=\"width: 34.3551%;height: 25px\"><a href=\"https:\/\/www.cliniquetagmed.com\/en\/treatment-herniated-disc-rosemont\/\">Rosemont-La Petite-Patrie<\/a><\/td>\n<td style=\"width: 40.6449%;height: 25px\"><a href=\"https:\/\/www.cliniquetagmed.com\/en\/treatment-herniated-disc-senneville\/\">Senneville<\/a><\/td>\n<\/tr>\n<tr style=\"height: 25px\">\n<td style=\"width: 34.3551%;height: 25px\"><a href=\"https:\/\/www.cliniquetagmed.com\/en\/treatment-herniated-disc-saint-laurent\/\">Saint-Laurent<\/a><\/td>\n<td style=\"width: 40.6449%;height: 25px\"><a href=\"https:\/\/www.cliniquetagmed.com\/en\/treatment-herniated-disc-westmount\/\">Westmount<\/a><\/td>\n<\/tr>\n<tr style=\"height: 25px\">\n<td style=\"width: 34.3551%;height: 25px\"><a href=\"https:\/\/www.cliniquetagmed.com\/en\/treatment-herniated-disc-saint-leonard\/\">Saint-L\u00e9onard<\/a><\/td>\n<td style=\"width: 40.6449%;height: 25px\"><\/td>\n<\/tr>\n<tr style=\"height: 25px\">\n<td style=\"width: 34.3551%;height: 25px\"><a href=\"https:\/\/www.cliniquetagmed.com\/en\/treatment-herniated-disc-verdun\/\">Verdun<\/a><\/td>\n<td style=\"width: 40.6449%;height: 25px\"><\/td>\n<\/tr>\n<tr style=\"height: 25px\">\n<td style=\"width: 34.3551%;height: 25px\"><a href=\"https:\/\/www.cliniquetagmed.com\/en\/treatment-herniated-disc-ville-marie\/\">Ville-Marie<\/a><\/td>\n<td style=\"width: 40.6449%;height: 25px\"><\/td>\n<\/tr>\n<tr style=\"height: 53px\">\n<td style=\"width: 34.3551%;height: 53px\"><a href=\"https:\/\/www.cliniquetagmed.com\/en\/treatment-herniated-disc-villeray-saint-michel-parc-extension\/\">Villeray-Saint-Michel-Parc-Extension<\/a><\/td>\n<td style=\"width: 40.6449%;height: 53px\"><\/td>\n<\/tr>\n<\/tbody>\n<\/table>\n<\/div>","protected":false},"excerpt":{"rendered":"<p>Vous habitez C\u00f4te-des-Neiges\u2013Notre-Dame-de-Gr\u00e2ce&nbsp;? La Clinique TAGMED ne poss\u00e8de pas de succursale \u00e0 C\u00f4te-des-Neiges\u2013Notre-Dame-de-Gr\u00e2ce. Nous desservons toutefois r\u00e9guli\u00e8rement les patients provenant de C\u00f4te-des-Neiges\u2013Notre-Dame-de-Gr\u00e2ce depuis nos deux cliniques<span class=\"excerpt-hellip\"> [\u2026]<\/span><\/p>\n","protected":false},"author":3,"featured_media":28145,"parent":0,"menu_order":0,"comment_status":"closed","ping_status":"closed","template":"","meta":{"rs_blank_template":"","rs_page_bg_color":"","slide_template_v7":"","footnotes":""},"categories":[6,7,838,49,50,877],"tags":[826],"class_list":["post-28955","page","type-page","status-publish","has-post-thumbnail","hentry","category-decompression-neurovertebrale","category-decompression-vertebrale","category-hernie-discale","category-hernie-discale-cervicale","category-hernie-discale-lombaire","category-montreal","tag-traitement-hernie-discale"],"_hostinger_reach_plugin_has_subscription_block":false,"_hostinger_reach_plugin_is_elementor":false,"_links":{"self":[{"href":"https:\/\/www.cliniquetagmed.com\/en\/wp-json\/wp\/v2\/pages\/28955","targetHints":{"allow":["GET"]}}],"collection":[{"href":"https:\/\/www.cliniquetagmed.com\/en\/wp-json\/wp\/v2\/pages"}],"about":[{"href":"https:\/\/www.cliniquetagmed.com\/en\/wp-json\/wp\/v2\/types\/page"}],"author":[{"embeddable":true,"href":"https:\/\/www.cliniquetagmed.com\/en\/wp-json\/wp\/v2\/users\/3"}],"replies":[{"embeddable":true,"href":"https:\/\/www.cliniquetagmed.com\/en\/wp-json\/wp\/v2\/comments?post=28955"}],"version-history":[{"count":3,"href":"https:\/\/www.cliniquetagmed.com\/en\/wp-json\/wp\/v2\/pages\/28955\/revisions"}],"predecessor-version":[{"id":90494,"href":"https:\/\/www.cliniquetagmed.com\/en\/wp-json\/wp\/v2\/pages\/28955\/revisions\/90494"}],"wp:featuredmedia":[{"embeddable":true,"href":"https:\/\/www.cliniquetagmed.com\/en\/wp-json\/wp\/v2\/media\/28145"}],"wp:attachment":[{"href":"https:\/\/www.cliniquetagmed.com\/en\/wp-json\/wp\/v2\/media?parent=28955"}],"wp:term":[{"taxonomy":"category","embeddable":true,"href":"https:\/\/www.cliniquetagmed.com\/en\/wp-json\/wp\/v2\/categories?post=28955"},{"taxonomy":"post_tag","embeddable":true,"href":"https:\/\/www.cliniquetagmed.com\/en\/wp-json\/wp\/v2\/tags?post=28955"}],"curies":[{"name":"wp","href":"https:\/\/api.w.org\/{rel}","templated":true}]}}