{"id":28968,"date":"2023-08-15T09:56:47","date_gmt":"2023-08-15T14:56:47","guid":{"rendered":"https:\/\/www.cliniquetagmed.com\/?page_id=28968"},"modified":"2026-02-28T00:26:43","modified_gmt":"2026-02-28T05:26:43","slug":"treatment-herniated-disc-verdun","status":"publish","type":"page","link":"https:\/\/www.cliniquetagmed.com\/en\/traitement-hernie-discale-verdun","title":{"rendered":"Vous habitez Verdun ? Traitement de la hernie discale (Terrebonne &#038; Mont-Royal)"},"content":{"rendered":"<p><!-- TAGMED_SERVICE_AREA_BLOCK:hernie --><\/p>\n<div class=\"tagmed-service-area-block\" style=\"border:1px solid #e5e7eb;padding:16px;border-radius:12px;background:#f9fafb;margin:16px 0;\">\n<p><strong>Vous habitez Verdun&nbsp;?<\/strong><\/p>\n<p>La Clinique TAGMED <strong>ne poss\u00e8de pas de succursale \u00e0 Verdun<\/strong>. Nous desservons toutefois r\u00e9guli\u00e8rement les patients provenant de Verdun depuis nos deux cliniques sp\u00e9cialis\u00e9es situ\u00e9es \u00e0 <strong>Terrebonne:<\/strong> and to <strong>Ville Mont\u2011Royal (Montr\u00e9al)<\/strong>.<\/p>\n<p>De nombreux patients de Verdun se d\u00e9placent vers l\u2019une de nos cliniques afin de b\u00e9n\u00e9ficier de nos traitements non chirurgicaux pour Hernie discale et les douleurs associ\u00e9es.<\/p>\n<p style=\"margin-top:12px\"><small><strong>Nos cliniques :<\/strong><br \/>Clinique TAGMED Terrebonne \u2014 1150 rue L\u00e9vis, suite 200, Terrebonne, QC, J6W 5S6 (Lun\/Mer\/Ven)<br \/>Clinique TAGMED Montr\u00e9al (Ville Mont-Royal) \u2014 1140 avenue Beaumont, Mont-Royal, QC, H3P 3E5 (Mar\/Jeu)<\/small><\/p>\n<\/div>\n<p><strong>Relief of herniated discs in Verdun with Clinique TAGMED: A new era of well-being!<\/strong><\/p>\n<p>&nbsp;<\/p>\n<h3>Introduction to Herniated Disc and the TAGMED Clinic<\/h3>\n<p>Have you ever had persistent, debilitating pain in your lower back or neck area? If you live in Verdun or the surrounding area, know that you are not alone. THE <a href=\"https:\/\/www.sosherniediscale.com\/understanding-hernie-discale-causes-symptoms-and-treatments.html\" target=\"_blank\" rel=\"noopener\">herniated discs may be the cause<\/a> of these pains and have a major impact on your daily life. There <a title=\"clinical Tagmed\" href=\"https:\/\/www.cliniquetagmed.com\/en\/tag\/clinique-tagmed\/\">TAGMED CLINIC<\/a>, specializing in the treatment of herniated discs, is here to guide you towards a pain-free life and help you regain your independence.<\/p>\n<p>&nbsp;<\/p>\n<p><strong>Summary :<\/strong> The <a title=\"clinical Tagmed\" href=\"https:\/\/www.cliniquetagmed.com\/en\/tag\/clinic-tagmed-en\/\">TAGMED CLINIC<\/a>, serving Verdun, is your ally in the fight against herniated discs. Our dedicated team of professionals offers tailored care and cutting-edge treatment methods to help you regain your well-being. <span>Your well-being is our priority at the TAGMED Clinic, the center of excellence for <\/span><a href=\"https:\/\/www.cliniquetagmed.com\/en\/traitement-hernie-discale-montreal-2\/\" target=\"_new\" rel=\"noopener\">herniated disc treatment in Montreal<\/a><span>.<\/span><\/p>\n<p>&nbsp;<\/p>\n<p><img loading=\"lazy\" decoding=\"async\" class=\"circular image aligncenter\" title=\"Traitement de la hernie discale \u00e0 Verdun Clinique TAGMED Montr\u00e9al Terrebonne\" src=\"https:\/\/cliniquetagmed.com\/wp-content\/uploads\/2023\/05\/progression-of-herniated-discs-e1683169076239-300x300.jpg\" alt=\"Traitement de la hernie discale \u00e0 Verdun Clinique TAGMED Montr\u00e9al Terrebonne\" width=\"300\" height=\"300\" \/><\/p>\n<p>&nbsp;<\/p>\n<h3>Herniated disc explained by the TAGMED Clinic<\/h3>\n<p>The spine is made up of intervertebral discs that act as cushions between the vertebrae. A <a href=\"https:\/\/www.sosherniediscale.com\/hernie-discale\/hernie-discale-signes-neurologiques\/\" target=\"_blank\" rel=\"noopener\">herniated disc<\/a> occurs when the gel-like substance inside a spinal disc escapes through a crack in the outer ring. This can compress the nerves in the spine, causing pain, numbness, and weakness in the limbs.<\/p>\n<p>&nbsp;<\/p>\n<h3>Herniated Disc Symptoms Treated at TAGMED Clinic<\/h3>\n<p>The symptoms of a <a href=\"https:\/\/www.sosherniediscale.com\/hernie-discale\/hernie-discale-signes-neurologiques\/\" target=\"_blank\" rel=\"noopener\">herniated disc<\/a> may vary depending on its location and severity. The most common include:<\/p>\n<ul>\n<li><a title=\"back pain\" href=\"https:\/\/www.cliniquetagmed.com\/en\/tag\/back-pain-2\/\">Back pain<\/a> or the neck<\/li>\n<li>Tingling or numbness in the arms or legs<\/li>\n<li>Muscle weakness<\/li>\n<li>Radiating pain in the limbs, often compared to a burning or stinging<\/li>\n<\/ul>\n<p>&nbsp;<\/p>\n<h3><img loading=\"lazy\" decoding=\"async\" class=\"circular-image aligncenter\" title=\"Traitement de la hernie discale \u00e0 Verdun Clinique TAGMED Montr\u00e9al Terrebonne\" src=\"https:\/\/cliniquetagmed.com\/wp-content\/uploads\/2023\/02\/man-suffering-from-low-back-pain-e1676409528518-300x300.jpg\" alt=\"Traitement de la hernie discale \u00e0 Verdun Clinique TAGMED Montr\u00e9al Terrebonne\" width=\"300\" height=\"300\" \/><\/h3>\n<p>&nbsp;<\/p>\n<h3>Why choose Clinique TAGMED if you live in Verdun?<\/h3>\n<p>Clinique TAGMED is your partner of choice for the treatment of <a href=\"https:\/\/www.sosherniediscale.com\/hernie-discale\/hernie-discale-signes-neurologiques\/\" target=\"_blank\" rel=\"noopener\">herniated disc<\/a> in Verdun thanks to:<\/p>\n<ul>\n<li>An experienced team: Our highly qualified specialists are determined to offer you quality and personalized care.<\/li>\n<li>State-of-the-art treatments: We use modern techniques and state-of-the-art technologies to <a title=\"herniated disc treatment Dollard-des-Ormeaux\" href=\"https:\/\/www.cliniquetagmed.com\/en\/tag\/treatment-herniated-disc-dollard-des-ormeaux\/\">treat herniated discs<\/a>, with an emphasis on reducing pain and improving function.<\/li>\n<li>Rigorous follow-up: We carefully monitor your progress and adjust your treatment plan to maximize results.<\/li>\n<li>A welcoming and comfortable environment: Our clinic offers a peaceful environment where you can relax and focus on your recovery.<\/li>\n<\/ul>\n<p>&nbsp;<\/p>\n<h2>Traitement de la hernie discale pour les r\u00e9sidents de: Verdun<\/h2>\n<p>The <a title=\"Clinical TAGMED - Montreal\" href=\"https:\/\/www.cliniquetagmed.com\/en\/tag\/clinic-tagmed-montreal\/\">TAGMED CLINIC<\/a> offers a variety of treatment options for herniated discs, including:<\/p>\n<ul>\n<li>Manual therapy<\/li>\n<li>Therapy <a title=\"Spinal decompression\" href=\"https:\/\/www.cliniquetagmed.com\/en\/category\/vertebral-decompression\/\">spinal decompression<\/a><\/li>\n<li>Corticosteroid injections<\/li>\n<\/ul>\n<p>&nbsp;<\/p>\n<p>We work closely with you to create a tailored treatment plan that meets your specific needs and guides you towards a pain-free life.<\/p>\n<p>&nbsp;<\/p>\n<p><img loading=\"lazy\" decoding=\"async\" class=\"circular-image aligncenter\" title=\"Traitement de la hernie discale \u00e0 Verdun Clinique TAGMED Montr\u00e9al Terrebonne\" src=\"https:\/\/cliniquetagmed.com\/wp-content\/uploads\/2023\/09\/decompression-tagmed-2023-e1696444399211.jpg\" alt=\"Traitement de la hernie discale \u00e0 Verdun Clinique TAGMED Montr\u00e9al Terrebonne\" width=\"300\" height=\"300\" \/><\/p>\n<p>&nbsp;<\/p>\n<h3>Contact us today<\/h3>\n<p>If you suffer from a <a href=\"https:\/\/www.sosherniediscale.com\/hernie-discale\/hernie-discale-signes-neurologiques\/\" target=\"_blank\" rel=\"noopener\">herniated disc<\/a> and whether you live in Verdun or the surrounding area, do not hesitate to contact us to make an appointment. We look forward to helping you regain your quality of life.<\/p>\n<p>&nbsp;<\/p>\n<div class=\"rounded-corners\" style=\"background-color: #f7f7f7;padding: 30px\">\n<h3 style=\"text-align: left\">Published research\/studies in Spinal Decompression Therapy<\/h3>\n<p>&nbsp;<\/p>\n<p align=\"center\">Download the research that has been published regarding spinal decompression therapy:<\/p>\n<p>&nbsp;<\/p>\n<div align=\"center\"><a href=\"https:\/\/cliniquetagmed.com\/wp-content\/uploads\/2013\/10\/decompression-etudes-2.pdf\"><img loading=\"lazy\" decoding=\"async\" class=\"size-full wp-image-183\" title=\"Traitement de la hernie discale \u00e0 Verdun Clinique TAGMED Montr\u00e9al Terrebonne\" src=\"\/\/www.cliniquetagmed.com\/wp-content\/uploads\/2012\/08\/adobe-acrobat.png\" alt=\"Traitement de la hernie discale \u00e0 Verdun Clinique TAGMED Montr\u00e9al Terrebonne\" width=\"128\" height=\"128\" srcset=\"https:\/\/www.cliniquetagmed.com\/wp-content\/uploads\/2012\/08\/adobe-acrobat.png 128w, https:\/\/www.cliniquetagmed.com\/wp-content\/uploads\/2012\/08\/adobe-acrobat-12x12.png 12w, https:\/\/www.cliniquetagmed.com\/wp-content\/uploads\/2012\/08\/adobe-acrobat-75x75.png 75w\" sizes=\"auto, (max-width:767px) 128px, 128px\" \/><\/a><\/div>\n<\/div>\n<p>&nbsp;<\/p>\n<div class=\"rounded-corners\" style=\"background-color: #ffffff;padding: 30px\">\n<h3 style=\"text-align: left\">FREE special report on spinal decompression to download<\/h3>\n<div class=\"circular-image\" align=\"center\"><a href=\"https:\/\/cliniquetagmed.com\/wp-content\/uploads\/2021\/09\/decompression-special-report-en.pdf\"><img loading=\"lazy\" decoding=\"async\" class=\"circular-image\" title=\"Traitement de la hernie discale \u00e0 Verdun Clinique TAGMED Montr\u00e9al Terrebonne\" src=\"https:\/\/cliniquetagmed.com\/wp-content\/uploads\/2024\/02\/rapport-special-decompression-mockup-1-300x300.png\" alt=\"Traitement de la hernie discale \u00e0 Verdun Clinique TAGMED Montr\u00e9al Terrebonne\" width=\"300\" height=\"300\" \/><\/a><\/div>\n<\/div>\n<p>&nbsp;<\/p>\n<div class=\"rounded-corners\" style=\"background-color: #f7f7f7;padding: 30px\">\n<p align=\"left\" class=\"translation-block\">To find out more about non-surgical spinal decompression therapy, please visit our specialized websites:<\/p>\n<ul>\n<li><a href=\"https:\/\/www.sosherniateddisc.com\" target=\"_blank\" rel=\"noopener\">www.decompressionneurovertebrale.com<\/a><\/li>\n<li><a href=\"https:\/\/www.sosherniediscale.com\" target=\"_blank\" rel=\"noopener\">www.sosherniediscale.com<\/a><\/li>\n<li><a href=\"https:\/\/www.sosherniateddisc.com\" target=\"_blank\" rel=\"noopener\">www.sosherniateddisc.com<\/a><\/li>\n<\/ul>\n<\/div>\n<h4 style=\"text-align: center\">Avoid surgery with our <a href=\"https:\/\/www.cliniquetagmed.com\/en\/treatment-herniated-disc-montreal\/\">herniated disc treatment in Montreal<\/a><\/h4>\n<p>&nbsp;<\/p>\n<div class=\"rounded-corners\" style=\"background-color: #f7f7f7;padding: 30px\">\n<table class=\"aligncenter\" style=\"border-collapse: collapse;width: 83.4723%\">\n<thead>\n<tr style=\"height: 50px;background-color: #d1d1d1\">\n<td style=\"width: 34.3551%;height: 50px\"><strong>Boroughs of Montreal served<\/strong><\/td>\n<td style=\"width: 40.6449%;height: 50px\"><strong>Cities of Montreal served<\/strong><\/td>\n<\/tr>\n<\/thead>\n<tbody>\n<tr style=\"height: 53px\">\n<td style=\"width: 34.3551%;height: 53px\"><a href=\"https:\/\/www.cliniquetagmed.com\/en\/treatment-herniated-disc-ahuntsic-cartierville\/\">Ahuntsic-Cartierville<\/a><\/td>\n<td style=\"width: 40.6449%;height: 53px\"><a href=\"https:\/\/www.cliniquetagmed.com\/en\/treatment-herniated-disc-baie-durfe\/\">Baie-D\u2019Urf\u00e9<\/a><\/td>\n<\/tr>\n<tr style=\"height: 53px\">\n<td style=\"width: 34.3551%;height: 53px\"><a href=\"https:\/\/www.cliniquetagmed.com\/en\/treatment-herniated-disc-anjou\/\">Anjou<\/a><\/td>\n<td style=\"width: 40.6449%;height: 53px\"><a href=\"https:\/\/www.cliniquetagmed.com\/en\/treatment-herniated-disc-beaconsfield\/\">Beaconsfield<\/a><\/td>\n<\/tr>\n<tr style=\"height: 78px\">\n<td style=\"width: 34.3551%;height: 78px\"><a href=\"https:\/\/www.cliniquetagmed.com\/en\/treatment-herniated-disc-cote-des-neiges-notre-dame-de-grace\/\">C\u00f4te-des-Neiges-Notre-Dame-de-Gr\u00e2ce<\/a><\/td>\n<td style=\"width: 40.6449%;height: 78px\"><a href=\"https:\/\/www.cliniquetagmed.com\/en\/treatment-herniated-disc-cote-saint-luc\/\">C\u00f4te-Saint-Luc<\/a><\/td>\n<\/tr>\n<tr style=\"height: 53px\">\n<td style=\"width: 34.3551%;height: 53px\"><a href=\"https:\/\/www.cliniquetagmed.com\/en\/treatment-herniated-disc-lachine\/\">Lachine<\/a><\/td>\n<td style=\"width: 40.6449%;height: 53px\"><a href=\"https:\/\/www.cliniquetagmed.com\/en\/treatment-herniated-disc-dollard-des-ormeaux\/\">Dollard-des-Ormaux<\/a><\/td>\n<\/tr>\n<tr style=\"height: 53px\">\n<td style=\"width: 34.3551%;height: 53px\"><a href=\"https:\/\/www.cliniquetagmed.com\/en\/treatment-herniated-disc-lasalle\/\">LaSalle<\/a><\/td>\n<td style=\"width: 40.6449%;height: 53px\"><a href=\"https:\/\/www.cliniquetagmed.com\/en\/treatment-herniated-disc-dorval\/\">Dorval<\/a><\/td>\n<\/tr>\n<tr style=\"height: 53px\">\n<td style=\"width: 34.3551%;height: 53px\"><a href=\"https:\/\/www.cliniquetagmed.com\/en\/treatment-herniated-disc-plateau-mont-royal\/\">The Plateau-Mont-Royal<\/a><\/td>\n<td style=\"width: 40.6449%;height: 53px\"><a href=\"https:\/\/www.cliniquetagmed.com\/en\/treatment-herniated-disc-hampstead\/\">Hampstead<\/a><\/td>\n<\/tr>\n<tr style=\"height: 53px\">\n<td style=\"width: 34.3551%;height: 53px\"><a href=\"https:\/\/www.cliniquetagmed.com\/en\/treatment-herniated-disc-sud-ouest\/\">Sud-Ouest<\/a><\/td>\n<td style=\"width: 40.6449%;height: 53px\"><a href=\"https:\/\/www.cliniquetagmed.com\/en\/treatment-herniated-disc-kirkland\/\">Kirkland<\/a><\/td>\n<\/tr>\n<tr style=\"height: 78px\">\n<td style=\"width: 34.3551%;height: 78px\"><a href=\"https:\/\/www.cliniquetagmed.com\/en\/treatment-herniated-disc-mercier-hochelaga-maisonneuve\/\">Mercier-Hochelaga-Maisonneuve<\/a><\/td>\n<td style=\"width: 40.6449%;height: 78px\"><a href=\"https:\/\/www.cliniquetagmed.com\/en\/treatment-herniated-disc-lile-bizard-sainte-genevieve\/\">\u00cele-Bizard\u2013Sainte-Genevi\u00e8ve<\/a><\/td>\n<\/tr>\n<tr style=\"height: 53px\">\n<td style=\"width: 34.3551%;height: 53px\"><a href=\"https:\/\/www.cliniquetagmed.com\/en\/treatment-herniated-disc-montreal\/\">Montreal<\/a><\/td>\n<td style=\"width: 40.6449%;height: 53px\"><a href=\"https:\/\/www.cliniquetagmed.com\/en\/treatment-herniated-disc-montreal-est\/\">Montreal Est<\/a><\/td>\n<\/tr>\n<tr style=\"height: 53px\">\n<td style=\"width: 34.3551%;height: 53px\"><a href=\"https:\/\/www.cliniquetagmed.com\/en\/treatment-herniated-disc-montreal-nord\/\">Montreal Nord<\/a><\/td>\n<td style=\"width: 40.6449%;height: 53px\"><a href=\"https:\/\/www.cliniquetagmed.com\/en\/treatment-herniated-disc-montreal-ouest\/\">Montreal Ouest<\/a><\/td>\n<\/tr>\n<tr style=\"height: 25px\">\n<td style=\"width: 34.3551%;height: 25px\"><a href=\"https:\/\/www.cliniquetagmed.com\/en\/treatment-herniated-disc-outremont\/\">Outremont<\/a><\/td>\n<td style=\"width: 40.6449%;height: 25px\"><a href=\"https:\/\/www.cliniquetagmed.com\/en\/treatment-herniated-disc-mount-royal\/\">Mount Royal<\/a><\/td>\n<\/tr>\n<tr style=\"height: 25px\">\n<td style=\"width: 34.3551%;height: 25px\"><a href=\"https:\/\/www.cliniquetagmed.com\/en\/treatment-herniated-disc-pierrefonds-roxboro\/\">Pierrefonds-Roxboro<\/a><\/td>\n<td style=\"width: 40.6449%;height: 25px\"><a href=\"https:\/\/www.cliniquetagmed.com\/en\/treatment-herniated-disc-pointe-claire\/\">Pointe Claire<\/a><\/td>\n<\/tr>\n<tr style=\"height: 25px\">\n<td style=\"width: 34.3551%;height: 25px\"><a href=\"https:\/\/www.cliniquetagmed.com\/en\/treatment-herniated-disc-riviere-des-prairies-pointe-aux-trembles\/\">Rivi\u00e8re-des-Prairies\u2013Pointe-aux-Trembles<\/a><\/td>\n<td style=\"width: 40.6449%;height: 25px\"><a href=\"https:\/\/www.cliniquetagmed.com\/en\/treatment-herniated-disc-sainte-anne-de-bellevue\/\">Sainte-Anne-de-Bellevue<\/a><\/td>\n<\/tr>\n<tr style=\"height: 25px\">\n<td style=\"width: 34.3551%;height: 25px\"><a href=\"https:\/\/www.cliniquetagmed.com\/en\/treatment-herniated-disc-rosemont\/\">Rosemont-La Petite-Patrie<\/a><\/td>\n<td style=\"width: 40.6449%;height: 25px\"><a href=\"https:\/\/www.cliniquetagmed.com\/en\/treatment-herniated-disc-senneville\/\">Senneville<\/a><\/td>\n<\/tr>\n<tr style=\"height: 25px\">\n<td style=\"width: 34.3551%;height: 25px\"><a href=\"https:\/\/www.cliniquetagmed.com\/en\/treatment-herniated-disc-saint-laurent\/\">Saint-Laurent<\/a><\/td>\n<td style=\"width: 40.6449%;height: 25px\"><a href=\"https:\/\/www.cliniquetagmed.com\/en\/treatment-herniated-disc-westmount\/\">Westmount<\/a><\/td>\n<\/tr>\n<tr style=\"height: 25px\">\n<td style=\"width: 34.3551%;height: 25px\"><a href=\"https:\/\/www.cliniquetagmed.com\/en\/treatment-herniated-disc-saint-leonard\/\">Saint-L\u00e9onard<\/a><\/td>\n<td style=\"width: 40.6449%;height: 25px\"><\/td>\n<\/tr>\n<tr style=\"height: 25px\">\n<td style=\"width: 34.3551%;height: 25px\"><a href=\"https:\/\/www.cliniquetagmed.com\/en\/treatment-herniated-disc-verdun\/\">Verdun<\/a><\/td>\n<td style=\"width: 40.6449%;height: 25px\"><\/td>\n<\/tr>\n<tr style=\"height: 25px\">\n<td style=\"width: 34.3551%;height: 25px\"><a href=\"https:\/\/www.cliniquetagmed.com\/en\/treatment-herniated-disc-ville-marie\/\">Ville-Marie<\/a><\/td>\n<td style=\"width: 40.6449%;height: 25px\"><\/td>\n<\/tr>\n<tr style=\"height: 53px\">\n<td style=\"width: 34.3551%;height: 53px\"><a href=\"https:\/\/www.cliniquetagmed.com\/en\/treatment-herniated-disc-villeray-saint-michel-parc-extension\/\">Villeray-Saint-Michel-Parc-Extension<\/a><\/td>\n<td style=\"width: 40.6449%;height: 53px\"><\/td>\n<\/tr>\n<\/tbody>\n<\/table>\n<\/div>","protected":false},"excerpt":{"rendered":"<p>Vous habitez Verdun&nbsp;? La Clinique TAGMED ne poss\u00e8de pas de succursale \u00e0 Verdun. Nous desservons toutefois r\u00e9guli\u00e8rement les patients provenant de Verdun depuis nos deux cliniques<span class=\"excerpt-hellip\"> [\u2026]<\/span><\/p>\n","protected":false},"author":3,"featured_media":28145,"parent":0,"menu_order":0,"comment_status":"closed","ping_status":"closed","template":"","meta":{"rs_blank_template":"","rs_page_bg_color":"","slide_template_v7":"","footnotes":""},"categories":[6,7,838,49,50,877],"tags":[826],"class_list":["post-28968","page","type-page","status-publish","has-post-thumbnail","hentry","category-decompression-neurovertebrale","category-decompression-vertebrale","category-hernie-discale","category-hernie-discale-cervicale","category-hernie-discale-lombaire","category-montreal","tag-traitement-hernie-discale"],"_hostinger_reach_plugin_has_subscription_block":false,"_hostinger_reach_plugin_is_elementor":false,"_links":{"self":[{"href":"https:\/\/www.cliniquetagmed.com\/en\/wp-json\/wp\/v2\/pages\/28968","targetHints":{"allow":["GET"]}}],"collection":[{"href":"https:\/\/www.cliniquetagmed.com\/en\/wp-json\/wp\/v2\/pages"}],"about":[{"href":"https:\/\/www.cliniquetagmed.com\/en\/wp-json\/wp\/v2\/types\/page"}],"author":[{"embeddable":true,"href":"https:\/\/www.cliniquetagmed.com\/en\/wp-json\/wp\/v2\/users\/3"}],"replies":[{"embeddable":true,"href":"https:\/\/www.cliniquetagmed.com\/en\/wp-json\/wp\/v2\/comments?post=28968"}],"version-history":[{"count":2,"href":"https:\/\/www.cliniquetagmed.com\/en\/wp-json\/wp\/v2\/pages\/28968\/revisions"}],"predecessor-version":[{"id":90559,"href":"https:\/\/www.cliniquetagmed.com\/en\/wp-json\/wp\/v2\/pages\/28968\/revisions\/90559"}],"wp:featuredmedia":[{"embeddable":true,"href":"https:\/\/www.cliniquetagmed.com\/en\/wp-json\/wp\/v2\/media\/28145"}],"wp:attachment":[{"href":"https:\/\/www.cliniquetagmed.com\/en\/wp-json\/wp\/v2\/media?parent=28968"}],"wp:term":[{"taxonomy":"category","embeddable":true,"href":"https:\/\/www.cliniquetagmed.com\/en\/wp-json\/wp\/v2\/categories?post=28968"},{"taxonomy":"post_tag","embeddable":true,"href":"https:\/\/www.cliniquetagmed.com\/en\/wp-json\/wp\/v2\/tags?post=28968"}],"curies":[{"name":"wp","href":"https:\/\/api.w.org\/{rel}","templated":true}]}}