{"id":90289,"date":"2026-02-25T21:19:34","date_gmt":"2026-02-26T02:19:34","guid":{"rendered":"https:\/\/www.cliniquetagmed.com\/?page_id=90289"},"modified":"2026-02-25T21:20:40","modified_gmt":"2026-02-26T02:20:40","slug":"douleur-a-lepaule-externe-compression-cervicale","status":"publish","type":"page","link":"https:\/\/www.cliniquetagmed.com\/en\/douleur-au-bras-ou-probleme-de-cou\/douleur-a-lepaule-externe-compression-cervicale","title":{"rendered":"Douleur \u00e0 l&rsquo;\u00e9paule externe ? Et si c&rsquo;\u00e9tait une compression cervicale ?"},"content":{"rendered":"","protected":false},"excerpt":{"rendered":"","protected":false},"author":3,"featured_media":90279,"parent":90283,"menu_order":0,"comment_status":"closed","ping_status":"closed","template":"","meta":{"rs_blank_template":"","rs_page_bg_color":"","slide_template_v7":"","footnotes":""},"categories":[44,8],"tags":[],"class_list":["post-90289","page","type-page","status-publish","has-post-thumbnail","hentry","category-douleur-a-epaule","category-douleur-au-bras"],"_hostinger_reach_plugin_has_subscription_block":false,"_hostinger_reach_plugin_is_elementor":false,"_links":{"self":[{"href":"https:\/\/www.cliniquetagmed.com\/en\/wp-json\/wp\/v2\/pages\/90289","targetHints":{"allow":["GET"]}}],"collection":[{"href":"https:\/\/www.cliniquetagmed.com\/en\/wp-json\/wp\/v2\/pages"}],"about":[{"href":"https:\/\/www.cliniquetagmed.com\/en\/wp-json\/wp\/v2\/types\/page"}],"author":[{"embeddable":true,"href":"https:\/\/www.cliniquetagmed.com\/en\/wp-json\/wp\/v2\/users\/3"}],"replies":[{"embeddable":true,"href":"https:\/\/www.cliniquetagmed.com\/en\/wp-json\/wp\/v2\/comments?post=90289"}],"version-history":[{"count":1,"href":"https:\/\/www.cliniquetagmed.com\/en\/wp-json\/wp\/v2\/pages\/90289\/revisions"}],"predecessor-version":[{"id":90290,"href":"https:\/\/www.cliniquetagmed.com\/en\/wp-json\/wp\/v2\/pages\/90289\/revisions\/90290"}],"up":[{"embeddable":true,"href":"https:\/\/www.cliniquetagmed.com\/en\/wp-json\/wp\/v2\/pages\/90283"}],"wp:featuredmedia":[{"embeddable":true,"href":"https:\/\/www.cliniquetagmed.com\/en\/wp-json\/wp\/v2\/media\/90279"}],"wp:attachment":[{"href":"https:\/\/www.cliniquetagmed.com\/en\/wp-json\/wp\/v2\/media?parent=90289"}],"wp:term":[{"taxonomy":"category","embeddable":true,"href":"https:\/\/www.cliniquetagmed.com\/en\/wp-json\/wp\/v2\/categories?post=90289"},{"taxonomy":"post_tag","embeddable":true,"href":"https:\/\/www.cliniquetagmed.com\/en\/wp-json\/wp\/v2\/tags?post=90289"}],"curies":[{"name":"wp","href":"https:\/\/api.w.org\/{rel}","templated":true}]}}